{"id":2669,"date":"2022-11-15T10:21:41","date_gmt":"2022-11-15T09:21:41","guid":{"rendered":"https:\/\/www.vertical-m2m.com\/industrie\/"},"modified":"2024-01-08T15:28:10","modified_gmt":"2024-01-08T14:28:10","slug":"industrie","status":"publish","type":"page","link":"https:\/\/www.vertical-m2m.com\/fr\/industrie\/","title":{"rendered":"Industrie"},"content":{"rendered":"\t\t<div data-elementor-type=\"wp-page\" data-elementor-id=\"2669\" class=\"elementor elementor-2669 elementor-602\">\n\t\t\t\t\t\t<section class=\"elementor-section elementor-top-section elementor-element elementor-element-40a7cc3 elementor-section-boxed elementor-section-height-default elementor-section-height-default\" data-id=\"40a7cc3\" data-element_type=\"section\" data-e-type=\"section\" data-settings=\"{&quot;background_background&quot;:&quot;classic&quot;}\">\n\t\t\t\t\t\t\t<div class=\"elementor-background-overlay\"><\/div>\n\t\t\t\t\t\t\t<div class=\"elementor-container elementor-column-gap-default\">\n\t\t\t\t\t<div class=\"elementor-column elementor-col-100 elementor-top-column elementor-element elementor-element-4f6c4e5\" data-id=\"4f6c4e5\" data-element_type=\"column\" data-e-type=\"column\">\n\t\t\t<div class=\"elementor-widget-wrap elementor-element-populated\">\n\t\t\t\t\t\t<div class=\"elementor-element elementor-element-ac76ca6 elementor-widget elementor-widget-text-editor\" data-id=\"ac76ca6\" data-element_type=\"widget\" data-e-type=\"widget\" data-widget_type=\"text-editor.default\">\n\t\t\t\t<div class=\"elementor-widget-container\">\n\t\t\t\t\t\t\t\t\t<p>L\u2019industrie 5.0 r\u00e9invente l\u2019industrie\u2026\u00a0<\/p>\n<p>et l\u2019IoT est un \u00e9l\u00e9ment d\u00e9cisif de cette nouvelle r\u00e9volution !\u00a0<\/p>\n\t\t\t\t\t\t\t\t<\/div>\n\t\t\t\t<\/div>\n\t\t\t\t<div class=\"elementor-element elementor-element-3f2e3b7 elementor-widget-mobile__width-inherit elementor-widget elementor-widget-text-editor\" data-id=\"3f2e3b7\" data-element_type=\"widget\" data-e-type=\"widget\" data-widget_type=\"text-editor.default\">\n\t\t\t\t<div class=\"elementor-widget-container\">\n\t\t\t\t\t\t\t\t\t<p>L\u2019IoT apporte une efficacit\u00e9 op\u00e9rationnelle et des solutions innovantes aux activit\u00e9s industrielles : il s\u2019agit de l\u2019IIoT (Industrial Internet of Things).\u00a0<\/p>\n<p>L\u2019IIoT connecte des machines complexes et des syst\u00e8mes d\u2019automatisation (tels que les robots), des \u00e9quipements connect\u00e9s et des capteurs robustes pour surveiller, s\u00e9curiser, suivre et g\u00e9rer efficacement et en temps r\u00e9el les actifs de l\u2019usine.\u00a0<\/p>\n\t\t\t\t\t\t\t\t<\/div>\n\t\t\t\t<\/div>\n\t\t\t\t<div class=\"elementor-element elementor-element-a2245d9 elementor-align-center elementor-invisible elementor-widget elementor-widget-button\" data-id=\"a2245d9\" data-element_type=\"widget\" data-e-type=\"widget\" data-settings=\"{&quot;_animation&quot;:&quot;fadeInUp&quot;,&quot;_animation_delay&quot;:200}\" data-widget_type=\"button.default\">\n\t\t\t\t<div class=\"elementor-widget-container\">\n\t\t\t\t\t\t\t\t\t<div class=\"elementor-button-wrapper\">\n\t\t\t\t\t<a class=\"elementor-button elementor-button-link elementor-size-md\" href=\"https:\/\/www.vertical-m2m.com\/fr\/contact\/\">\n\t\t\t\t\t\t<span class=\"elementor-button-content-wrapper\">\n\t\t\t\t\t\t\t\t\t<span class=\"elementor-button-text\">En savoir plus<\/span>\n\t\t\t\t\t<\/span>\n\t\t\t\t\t<\/a>\n\t\t\t\t<\/div>\n\t\t\t\t\t\t\t\t<\/div>\n\t\t\t\t<\/div>\n\t\t\t\t\t<\/div>\n\t\t<\/div>\n\t\t\t\t\t<\/div>\n\t\t<\/section>\n\t\t\t\t<section class=\"elementor-section elementor-top-section elementor-element elementor-element-af2e7b4 elementor-section-boxed elementor-section-height-default elementor-section-height-default\" data-id=\"af2e7b4\" data-element_type=\"section\" data-e-type=\"section\" data-settings=\"{&quot;background_background&quot;:&quot;classic&quot;}\">\n\t\t\t\t\t\t<div class=\"elementor-container elementor-column-gap-default\">\n\t\t\t\t\t<div class=\"elementor-column elementor-col-100 elementor-top-column elementor-element elementor-element-ca516f0\" data-id=\"ca516f0\" data-element_type=\"column\" data-e-type=\"column\">\n\t\t\t<div class=\"elementor-widget-wrap elementor-element-populated\">\n\t\t\t\t\t\t<div class=\"elementor-element elementor-element-62f4dcb elementor-widget elementor-widget-spacer\" data-id=\"62f4dcb\" data-element_type=\"widget\" data-e-type=\"widget\" data-widget_type=\"spacer.default\">\n\t\t\t\t<div class=\"elementor-widget-container\">\n\t\t\t\t\t\t\t<div class=\"elementor-spacer\">\n\t\t\t<div class=\"elementor-spacer-inner\"><\/div>\n\t\t<\/div>\n\t\t\t\t\t\t<\/div>\n\t\t\t\t<\/div>\n\t\t\t\t<div class=\"elementor-element elementor-element-c645a64 elementor-widget elementor-widget-text-editor\" data-id=\"c645a64\" data-element_type=\"widget\" data-e-type=\"widget\" data-widget_type=\"text-editor.default\">\n\t\t\t\t<div class=\"elementor-widget-container\">\n\t\t\t\t\t\t\t\t\t<p>L\u2019industrie 5.0 contribue \u00e0 la num\u00e9risation de l\u2019industrie en int\u00e9grant 2 dimensions suppl\u00e9mentaires, le d\u00e9veloppement durable et une approche centr\u00e9e sur l\u2019humain.<\/p>\n\t\t\t\t\t\t\t\t<\/div>\n\t\t\t\t<\/div>\n\t\t\t\t<div class=\"elementor-element elementor-element-c5c2588 elementor-widget elementor-widget-spacer\" data-id=\"c5c2588\" data-element_type=\"widget\" data-e-type=\"widget\" data-widget_type=\"spacer.default\">\n\t\t\t\t<div class=\"elementor-widget-container\">\n\t\t\t\t\t\t\t<div class=\"elementor-spacer\">\n\t\t\t<div class=\"elementor-spacer-inner\"><\/div>\n\t\t<\/div>\n\t\t\t\t\t\t<\/div>\n\t\t\t\t<\/div>\n\t\t\t\t\t<\/div>\n\t\t<\/div>\n\t\t\t\t\t<\/div>\n\t\t<\/section>\n\t\t\t\t<section class=\"elementor-section elementor-top-section elementor-element elementor-element-e2776c7 elementor-reverse-mobile elementor-section-boxed elementor-section-height-default elementor-section-height-default\" data-id=\"e2776c7\" data-element_type=\"section\" data-e-type=\"section\" data-settings=\"{&quot;background_background&quot;:&quot;classic&quot;}\">\n\t\t\t\t\t\t<div class=\"elementor-container elementor-column-gap-default\">\n\t\t\t\t\t<div class=\"elementor-column elementor-col-100 elementor-top-column elementor-element elementor-element-f9d976f\" data-id=\"f9d976f\" data-element_type=\"column\" data-e-type=\"column\">\n\t\t\t<div class=\"elementor-widget-wrap elementor-element-populated\">\n\t\t\t\t\t\t<div class=\"elementor-element elementor-element-7a205bd elementor-widget elementor-widget-spacer\" data-id=\"7a205bd\" data-element_type=\"widget\" data-e-type=\"widget\" data-widget_type=\"spacer.default\">\n\t\t\t\t<div class=\"elementor-widget-container\">\n\t\t\t\t\t\t\t<div class=\"elementor-spacer\">\n\t\t\t<div class=\"elementor-spacer-inner\"><\/div>\n\t\t<\/div>\n\t\t\t\t\t\t<\/div>\n\t\t\t\t<\/div>\n\t\t\t\t<div class=\"elementor-element elementor-element-0f7a3d4 elementor-widget elementor-widget-text-editor\" data-id=\"0f7a3d4\" data-element_type=\"widget\" data-e-type=\"widget\" data-widget_type=\"text-editor.default\">\n\t\t\t\t<div class=\"elementor-widget-container\">\n\t\t\t\t\t\t\t\t\t<p><strong>L\u2019IoT accompagne cette initiative de diff\u00e9rentes mani\u00e8res : <\/strong><\/p>\n<ul>\n<li style=\"list-style-type: none;\">\n<ul>\n<li>Des Solutions pour am\u00e9liorer les processus\n<ul>\n<li style=\"list-style-type: none;\">\n<ul>\n<li>De la maintenance pr\u00e9dictive combinant IA et IoT <\/li>\n<li>La surveillance de processus <\/li>\n<li>Le monitoring d\u2019actifs \u00e0 distance <\/li>\n<\/ul>\n<\/li>\n<\/ul>\n<\/li>\n<li>Des Solutions pour r\u00e9duire et optimiser les co\u00fbts dans les usines, les ateliers ou les entrep\u00f4ts :\n<ul>\n<li style=\"list-style-type: none;\">\n<ul>\n<li>La gestion de l\u2019\u00e9nergie <\/li>\n<li>Suivi d\u2019actifs \u00e0 l\u2019int\u00e9rieur ou l\u2019ext\u00e9rieur des b\u00e2timents <\/li>\n<\/ul>\n<\/li>\n<\/ul>\n<\/li>\n<li>Solutions pour b\u00e2timents industriels\n<ul>\n<li style=\"list-style-type: none;\">\n<ul>\n<li>Surveillance environnementale et gestion des risques industriels <\/li>\n<li>Contr\u00f4le d\u2019acc\u00e8s et s\u00e9curit\u00e9 <\/li>\n<\/ul>\n<\/li>\n<\/ul>\n<\/li>\n<li>Solutions de gestion des campus industriels :\n<ul>\n<li style=\"list-style-type: none;\">\n<ul>\n<li>stationnement intelligent <\/li>\n<li>Bornes de recharge pour v\u00e9hicules \u00e9lectriques <\/li>\n<li>Contr\u00f4le de l\u2019\u00e9clairage ext\u00e9rieur <\/li>\n<li>Comptage et suivi des flux de personnes et d\u2019actifs <\/li>\n<\/ul>\n<\/li>\n<\/ul>\n<\/li>\n<\/ul>\n<\/li>\n<\/ul>\n\t\t\t\t\t\t\t\t<\/div>\n\t\t\t\t<\/div>\n\t\t\t\t<div class=\"elementor-element elementor-element-4849a77 elementor-widget elementor-widget-spacer\" data-id=\"4849a77\" data-element_type=\"widget\" data-e-type=\"widget\" data-widget_type=\"spacer.default\">\n\t\t\t\t<div class=\"elementor-widget-container\">\n\t\t\t\t\t\t\t<div class=\"elementor-spacer\">\n\t\t\t<div class=\"elementor-spacer-inner\"><\/div>\n\t\t<\/div>\n\t\t\t\t\t\t<\/div>\n\t\t\t\t<\/div>\n\t\t\t\t\t<\/div>\n\t\t<\/div>\n\t\t\t\t\t<\/div>\n\t\t<\/section>\n\t\t\t\t<section class=\"elementor-section elementor-top-section elementor-element elementor-element-f1a55a0 elementor-section-boxed elementor-section-height-default elementor-section-height-default\" data-id=\"f1a55a0\" data-element_type=\"section\" data-e-type=\"section\" data-settings=\"{&quot;background_background&quot;:&quot;classic&quot;}\">\n\t\t\t\t\t\t<div class=\"elementor-container elementor-column-gap-default\">\n\t\t\t\t\t<div class=\"elementor-column elementor-col-50 elementor-top-column elementor-element elementor-element-dc80b60\" data-id=\"dc80b60\" data-element_type=\"column\" data-e-type=\"column\">\n\t\t\t<div class=\"elementor-widget-wrap\">\n\t\t\t\t\t\t\t<\/div>\n\t\t<\/div>\n\t\t\t\t<div class=\"elementor-column elementor-col-50 elementor-top-column elementor-element elementor-element-f51f81c\" data-id=\"f51f81c\" data-element_type=\"column\" data-e-type=\"column\">\n\t\t\t<div class=\"elementor-widget-wrap elementor-element-populated\">\n\t\t\t\t\t\t<div class=\"elementor-element elementor-element-4880a62 elementor-widget elementor-widget-spacer\" data-id=\"4880a62\" data-element_type=\"widget\" data-e-type=\"widget\" data-widget_type=\"spacer.default\">\n\t\t\t\t<div class=\"elementor-widget-container\">\n\t\t\t\t\t\t\t<div class=\"elementor-spacer\">\n\t\t\t<div class=\"elementor-spacer-inner\"><\/div>\n\t\t<\/div>\n\t\t\t\t\t\t<\/div>\n\t\t\t\t<\/div>\n\t\t\t\t<div class=\"elementor-element elementor-element-c9bb0b2 elementor-widget elementor-widget-text-editor\" data-id=\"c9bb0b2\" data-element_type=\"widget\" data-e-type=\"widget\" data-widget_type=\"text-editor.default\">\n\t\t\t\t<div class=\"elementor-widget-container\">\n\t\t\t\t\t\t\t\t\t<p>La 5G priv\u00e9e pour l\u2019Industrie, associ\u00e9e avec des technologies LPWAN (LoRAWAN, NB-IoT, LTE-M\u2026) ou d\u2019autres solutions de connectivit\u00e9 filaire ou courte port\u00e9e peut aider \u00e0 la mise en place des cas d\u2019usage recherch\u00e9s. <\/p>\n<p>\u2026et Vertical M2M apporte avec <em>CommonSense IoT Platform<\/em><span style=\"font-weight: 400;\">\u00ae et les <\/span>CS-Solutions des possibilit\u00e9s incomparables pour r\u00e9pondre \u00e0 ces besoins <strong>avec une unique infrastructure et plateforme<\/strong> : vous pouvez connecter vos actifs industriels et vos capteurs avec la technologie de votre choix, g\u00e9rer vos \u00e9quipements et interfacer vos automates ou superviseurs SCADA et votre Syst\u00e8me d\u2019Information et d\u00e9ployer de telles solutions et applications m\u00e9tier avec une architecture fiable, s\u00e9curis\u00e9e, \u00e9volutive et rentable, en mode SaaS, d\u00e9di\u00e9 ou EDGE. <\/p>\n\t\t\t\t\t\t\t\t<\/div>\n\t\t\t\t<\/div>\n\t\t\t\t<div class=\"elementor-element elementor-element-b30df76 elementor-widget elementor-widget-text-editor\" data-id=\"b30df76\" data-element_type=\"widget\" data-e-type=\"widget\" data-widget_type=\"text-editor.default\">\n\t\t\t\t<div class=\"elementor-widget-container\">\n\t\t\t\t\t\t\t\t\t<p>Vous pouvez d\u00e9marrer votre exploration des possibilit\u00e9s de l\u2019IoT et facilement tester et d\u00e9ployer vos nouvelles solutions dans vos sites industriels !<\/p>\n\t\t\t\t\t\t\t\t<\/div>\n\t\t\t\t<\/div>\n\t\t\t\t<div class=\"elementor-element elementor-element-8838145 elementor-widget elementor-widget-spacer\" data-id=\"8838145\" data-element_type=\"widget\" data-e-type=\"widget\" data-widget_type=\"spacer.default\">\n\t\t\t\t<div class=\"elementor-widget-container\">\n\t\t\t\t\t\t\t<div class=\"elementor-spacer\">\n\t\t\t<div class=\"elementor-spacer-inner\"><\/div>\n\t\t<\/div>\n\t\t\t\t\t\t<\/div>\n\t\t\t\t<\/div>\n\t\t\t\t\t<\/div>\n\t\t<\/div>\n\t\t\t\t\t<\/div>\n\t\t<\/section>\n\t\t\t\t<section class=\"elementor-section elementor-top-section elementor-element elementor-element-4659d28 elementor-section-boxed elementor-section-height-default elementor-section-height-default\" data-id=\"4659d28\" data-element_type=\"section\" data-e-type=\"section\" data-settings=\"{&quot;background_background&quot;:&quot;classic&quot;}\">\n\t\t\t\t\t\t<div class=\"elementor-container elementor-column-gap-default\">\n\t\t\t\t\t<div class=\"elementor-column elementor-col-100 elementor-top-column elementor-element elementor-element-9e9459f elementor-invisible\" data-id=\"9e9459f\" data-element_type=\"column\" data-e-type=\"column\" data-settings=\"{&quot;background_background&quot;:&quot;classic&quot;,&quot;animation&quot;:&quot;fadeIn&quot;}\">\n\t\t\t<div class=\"elementor-widget-wrap elementor-element-populated\">\n\t\t\t\t\t<div class=\"elementor-background-overlay\"><\/div>\n\t\t\t\t\t\t<div class=\"elementor-element elementor-element-a1660cc elementor-widget elementor-widget-heading\" data-id=\"a1660cc\" data-element_type=\"widget\" data-e-type=\"widget\" data-widget_type=\"heading.default\">\n\t\t\t\t<div class=\"elementor-widget-container\">\n\t\t\t\t\t<h2 class=\"elementor-heading-title elementor-size-default\">Parlons maintenant de vos projets !<\/h2>\t\t\t\t<\/div>\n\t\t\t\t<\/div>\n\t\t\t\t<div class=\"elementor-element elementor-element-091c87c elementor-widget__width-initial elementor-widget elementor-widget-text-editor\" data-id=\"091c87c\" data-element_type=\"widget\" data-e-type=\"widget\" data-widget_type=\"text-editor.default\">\n\t\t\t\t<div class=\"elementor-widget-container\">\n\t\t\t\t\t\t\t\t\t<p>Dites-nous quels sont vos probl\u00e8mes avec l\u2019IoT, nous organiserons une r\u00e9union avec vous pour vous aider \u00e0 r\u00e9soudre ces probl\u00e8mes et mener \u00e0 bien vos projets.<\/p>\n\t\t\t\t\t\t\t\t<\/div>\n\t\t\t\t<\/div>\n\t\t\t\t<div class=\"elementor-element elementor-element-f1cb303 elementor-align-center elementor-widget elementor-widget-button\" data-id=\"f1cb303\" data-element_type=\"widget\" data-e-type=\"widget\" data-widget_type=\"button.default\">\n\t\t\t\t<div class=\"elementor-widget-container\">\n\t\t\t\t\t\t\t\t\t<div class=\"elementor-button-wrapper\">\n\t\t\t\t\t<a class=\"elementor-button elementor-button-link elementor-size-lg\" href=\"https:\/\/www.vertical-m2m.com\/fr\/contact\/\">\n\t\t\t\t\t\t<span class=\"elementor-button-content-wrapper\">\n\t\t\t\t\t\t\t\t\t<span class=\"elementor-button-text\">Contactez-nous!<\/span>\n\t\t\t\t\t<\/span>\n\t\t\t\t\t<\/a>\n\t\t\t\t<\/div>\n\t\t\t\t\t\t\t\t<\/div>\n\t\t\t\t<\/div>\n\t\t\t\t\t<\/div>\n\t\t<\/div>\n\t\t\t\t\t<\/div>\n\t\t<\/section>\n\t\t\t\t<\/div>\n\t\t","protected":false},"excerpt":{"rendered":"<p>L\u2019industrie 5.0 r\u00e9invente l\u2019industrie\u2026\u00a0 et l\u2019IoT est un \u00e9l\u00e9ment d\u00e9cisif de cette nouvelle r\u00e9volution !\u00a0 L\u2019IoT apporte une efficacit\u00e9 op\u00e9rationnelle et des solutions innovantes aux activit\u00e9s industrielles : il s\u2019agit de l\u2019IIoT (Industrial Internet of Things).\u00a0 L\u2019IIoT connecte des machines &hellip; <a href=\"https:\/\/www.vertical-m2m.com\/fr\/industrie\/\">Read More<\/a><\/p>\n","protected":false},"author":1,"featured_media":0,"parent":0,"menu_order":143,"comment_status":"closed","ping_status":"closed","template":"","meta":{"footnotes":""},"class_list":["post-2669","page","type-page","status-publish","hentry"],"yoast_head":"<!-- This site is optimized with the Yoast SEO plugin v27.6 - https:\/\/yoast.com\/product\/yoast-seo-wordpress\/ -->\n<title>Industrie - Vertical M2M<\/title>\n<meta name=\"robots\" content=\"index, follow, max-snippet:-1, max-image-preview:large, max-video-preview:-1\" \/>\n<link rel=\"canonical\" href=\"https:\/\/www.vertical-m2m.com\/fr\/industrie\/\" \/>\n<meta property=\"og:locale\" content=\"fr_FR\" \/>\n<meta property=\"og:type\" content=\"article\" \/>\n<meta property=\"og:title\" content=\"Industrie - Vertical M2M\" \/>\n<meta property=\"og:description\" content=\"L\u2019industrie 5.0 r\u00e9invente l\u2019industrie\u2026\u00a0 et l\u2019IoT est un \u00e9l\u00e9ment d\u00e9cisif de cette nouvelle r\u00e9volution !\u00a0 L\u2019IoT apporte une efficacit\u00e9 op\u00e9rationnelle et des solutions innovantes aux activit\u00e9s industrielles : il s\u2019agit de l\u2019IIoT (Industrial Internet of Things).\u00a0 L\u2019IIoT connecte des machines &hellip; Read More\" \/>\n<meta property=\"og:url\" content=\"https:\/\/www.vertical-m2m.com\/fr\/industrie\/\" \/>\n<meta property=\"og:site_name\" content=\"Vertical M2M\" \/>\n<meta property=\"article:modified_time\" content=\"2024-01-08T14:28:10+00:00\" \/>\n<meta name=\"twitter:card\" content=\"summary_large_image\" \/>\n<meta name=\"twitter:site\" content=\"@verticalm2m\" \/>\n<meta name=\"twitter:label1\" content=\"Dur\u00e9e de lecture estim\u00e9e\" \/>\n\t<meta name=\"twitter:data1\" content=\"2 minutes\" \/>\n<script type=\"application\/ld+json\" class=\"yoast-schema-graph\">{\"@context\":\"https:\\\/\\\/schema.org\",\"@graph\":[{\"@type\":\"WebPage\",\"@id\":\"https:\\\/\\\/www.vertical-m2m.com\\\/fr\\\/industrie\\\/\",\"url\":\"https:\\\/\\\/www.vertical-m2m.com\\\/fr\\\/industrie\\\/\",\"name\":\"Industrie - Vertical M2M\",\"isPartOf\":{\"@id\":\"https:\\\/\\\/www.vertical-m2m.com\\\/fr\\\/#website\"},\"datePublished\":\"2022-11-15T09:21:41+00:00\",\"dateModified\":\"2024-01-08T14:28:10+00:00\",\"breadcrumb\":{\"@id\":\"https:\\\/\\\/www.vertical-m2m.com\\\/fr\\\/industrie\\\/#breadcrumb\"},\"inLanguage\":\"fr-FR\",\"potentialAction\":[{\"@type\":\"ReadAction\",\"target\":[\"https:\\\/\\\/www.vertical-m2m.com\\\/fr\\\/industrie\\\/\"]}]},{\"@type\":\"BreadcrumbList\",\"@id\":\"https:\\\/\\\/www.vertical-m2m.com\\\/fr\\\/industrie\\\/#breadcrumb\",\"itemListElement\":[{\"@type\":\"ListItem\",\"position\":1,\"name\":\"Home\",\"item\":\"https:\\\/\\\/www.vertical-m2m.com\\\/fr\\\/page-daccueil\\\/\"},{\"@type\":\"ListItem\",\"position\":2,\"name\":\"Industrie\"}]},{\"@type\":\"WebSite\",\"@id\":\"https:\\\/\\\/www.vertical-m2m.com\\\/fr\\\/#website\",\"url\":\"https:\\\/\\\/www.vertical-m2m.com\\\/fr\\\/\",\"name\":\"Vertical M2M - CommonSense IoT Platform\",\"description\":\"We solve your business issues with IoT\",\"publisher\":{\"@id\":\"https:\\\/\\\/www.vertical-m2m.com\\\/fr\\\/#organization\"},\"potentialAction\":[{\"@type\":\"SearchAction\",\"target\":{\"@type\":\"EntryPoint\",\"urlTemplate\":\"https:\\\/\\\/www.vertical-m2m.com\\\/fr\\\/?s={search_term_string}\"},\"query-input\":{\"@type\":\"PropertyValueSpecification\",\"valueRequired\":true,\"valueName\":\"search_term_string\"}}],\"inLanguage\":\"fr-FR\"},{\"@type\":\"Organization\",\"@id\":\"https:\\\/\\\/www.vertical-m2m.com\\\/fr\\\/#organization\",\"name\":\"Vertical M2M\",\"url\":\"https:\\\/\\\/www.vertical-m2m.com\\\/fr\\\/\",\"logo\":{\"@type\":\"ImageObject\",\"inLanguage\":\"fr-FR\",\"@id\":\"https:\\\/\\\/www.vertical-m2m.com\\\/fr\\\/#\\\/schema\\\/logo\\\/image\\\/\",\"url\":\"https:\\\/\\\/www.vertical-m2m.com\\\/wp-content\\\/uploads\\\/2022\\\/10\\\/logo_M2M827px.png\",\"contentUrl\":\"https:\\\/\\\/www.vertical-m2m.com\\\/wp-content\\\/uploads\\\/2022\\\/10\\\/logo_M2M827px.png\",\"width\":827,\"height\":483,\"caption\":\"Vertical M2M\"},\"image\":{\"@id\":\"https:\\\/\\\/www.vertical-m2m.com\\\/fr\\\/#\\\/schema\\\/logo\\\/image\\\/\"},\"sameAs\":[\"https:\\\/\\\/x.com\\\/verticalm2m\",\"https:\\\/\\\/www.linkedin.com\\\/company\\\/vertical-m2m\\\/\"]}]}<\/script>\n<!-- \/ Yoast SEO plugin. -->","yoast_head_json":{"title":"Industrie - Vertical M2M","robots":{"index":"index","follow":"follow","max-snippet":"max-snippet:-1","max-image-preview":"max-image-preview:large","max-video-preview":"max-video-preview:-1"},"canonical":"https:\/\/www.vertical-m2m.com\/fr\/industrie\/","og_locale":"fr_FR","og_type":"article","og_title":"Industrie - Vertical M2M","og_description":"L\u2019industrie 5.0 r\u00e9invente l\u2019industrie\u2026\u00a0 et l\u2019IoT est un \u00e9l\u00e9ment d\u00e9cisif de cette nouvelle r\u00e9volution !\u00a0 L\u2019IoT apporte une efficacit\u00e9 op\u00e9rationnelle et des solutions innovantes aux activit\u00e9s industrielles : il s\u2019agit de l\u2019IIoT (Industrial Internet of Things).\u00a0 L\u2019IIoT connecte des machines &hellip; Read More","og_url":"https:\/\/www.vertical-m2m.com\/fr\/industrie\/","og_site_name":"Vertical M2M","article_modified_time":"2024-01-08T14:28:10+00:00","twitter_card":"summary_large_image","twitter_site":"@verticalm2m","twitter_misc":{"Dur\u00e9e de lecture estim\u00e9e":"2 minutes"},"schema":{"@context":"https:\/\/schema.org","@graph":[{"@type":"WebPage","@id":"https:\/\/www.vertical-m2m.com\/fr\/industrie\/","url":"https:\/\/www.vertical-m2m.com\/fr\/industrie\/","name":"Industrie - Vertical M2M","isPartOf":{"@id":"https:\/\/www.vertical-m2m.com\/fr\/#website"},"datePublished":"2022-11-15T09:21:41+00:00","dateModified":"2024-01-08T14:28:10+00:00","breadcrumb":{"@id":"https:\/\/www.vertical-m2m.com\/fr\/industrie\/#breadcrumb"},"inLanguage":"fr-FR","potentialAction":[{"@type":"ReadAction","target":["https:\/\/www.vertical-m2m.com\/fr\/industrie\/"]}]},{"@type":"BreadcrumbList","@id":"https:\/\/www.vertical-m2m.com\/fr\/industrie\/#breadcrumb","itemListElement":[{"@type":"ListItem","position":1,"name":"Home","item":"https:\/\/www.vertical-m2m.com\/fr\/page-daccueil\/"},{"@type":"ListItem","position":2,"name":"Industrie"}]},{"@type":"WebSite","@id":"https:\/\/www.vertical-m2m.com\/fr\/#website","url":"https:\/\/www.vertical-m2m.com\/fr\/","name":"Vertical M2M - CommonSense IoT Platform","description":"We solve your business issues with IoT","publisher":{"@id":"https:\/\/www.vertical-m2m.com\/fr\/#organization"},"potentialAction":[{"@type":"SearchAction","target":{"@type":"EntryPoint","urlTemplate":"https:\/\/www.vertical-m2m.com\/fr\/?s={search_term_string}"},"query-input":{"@type":"PropertyValueSpecification","valueRequired":true,"valueName":"search_term_string"}}],"inLanguage":"fr-FR"},{"@type":"Organization","@id":"https:\/\/www.vertical-m2m.com\/fr\/#organization","name":"Vertical M2M","url":"https:\/\/www.vertical-m2m.com\/fr\/","logo":{"@type":"ImageObject","inLanguage":"fr-FR","@id":"https:\/\/www.vertical-m2m.com\/fr\/#\/schema\/logo\/image\/","url":"https:\/\/www.vertical-m2m.com\/wp-content\/uploads\/2022\/10\/logo_M2M827px.png","contentUrl":"https:\/\/www.vertical-m2m.com\/wp-content\/uploads\/2022\/10\/logo_M2M827px.png","width":827,"height":483,"caption":"Vertical M2M"},"image":{"@id":"https:\/\/www.vertical-m2m.com\/fr\/#\/schema\/logo\/image\/"},"sameAs":["https:\/\/x.com\/verticalm2m","https:\/\/www.linkedin.com\/company\/vertical-m2m\/"]}]}},"_links":{"self":[{"href":"https:\/\/www.vertical-m2m.com\/fr\/wp-json\/wp\/v2\/pages\/2669","targetHints":{"allow":["GET"]}}],"collection":[{"href":"https:\/\/www.vertical-m2m.com\/fr\/wp-json\/wp\/v2\/pages"}],"about":[{"href":"https:\/\/www.vertical-m2m.com\/fr\/wp-json\/wp\/v2\/types\/page"}],"author":[{"embeddable":true,"href":"https:\/\/www.vertical-m2m.com\/fr\/wp-json\/wp\/v2\/users\/1"}],"replies":[{"embeddable":true,"href":"https:\/\/www.vertical-m2m.com\/fr\/wp-json\/wp\/v2\/comments?post=2669"}],"version-history":[{"count":5,"href":"https:\/\/www.vertical-m2m.com\/fr\/wp-json\/wp\/v2\/pages\/2669\/revisions"}],"predecessor-version":[{"id":3522,"href":"https:\/\/www.vertical-m2m.com\/fr\/wp-json\/wp\/v2\/pages\/2669\/revisions\/3522"}],"wp:attachment":[{"href":"https:\/\/www.vertical-m2m.com\/fr\/wp-json\/wp\/v2\/media?parent=2669"}],"curies":[{"name":"wp","href":"https:\/\/api.w.org\/{rel}","templated":true}]}}