{"id":2671,"date":"2023-03-01T11:23:00","date_gmt":"2023-03-01T10:23:00","guid":{"rendered":"https:\/\/www.vertical-m2m.com\/rejoignez-nous\/"},"modified":"2024-01-11T16:40:37","modified_gmt":"2024-01-11T15:40:37","slug":"rejoignez-nous","status":"publish","type":"page","link":"https:\/\/www.vertical-m2m.com\/fr\/rejoignez-nous\/","title":{"rendered":"Rejoignez-nous"},"content":{"rendered":"\t\t<div data-elementor-type=\"wp-page\" data-elementor-id=\"2671\" class=\"elementor elementor-2671 elementor-1489\">\n\t\t\t\t\t\t<section class=\"elementor-section elementor-top-section elementor-element elementor-element-6bd91767 elementor-section-height-min-height elementor-section-boxed elementor-section-height-default elementor-section-items-middle\" data-id=\"6bd91767\" data-element_type=\"section\" data-e-type=\"section\" id=\"next\" data-settings=\"{&quot;background_background&quot;:&quot;classic&quot;}\">\n\t\t\t\t\t\t\t<div class=\"elementor-background-overlay\"><\/div>\n\t\t\t\t\t\t\t<div class=\"elementor-container elementor-column-gap-default\">\n\t\t\t\t\t<div class=\"elementor-column elementor-col-100 elementor-top-column elementor-element elementor-element-6c5f314e\" data-id=\"6c5f314e\" data-element_type=\"column\" data-e-type=\"column\">\n\t\t\t<div class=\"elementor-widget-wrap elementor-element-populated\">\n\t\t\t\t\t\t<div class=\"elementor-element elementor-element-a7fbb82 elementor-widget elementor-widget-text-editor\" data-id=\"a7fbb82\" data-element_type=\"widget\" data-e-type=\"widget\" data-widget_type=\"text-editor.default\">\n\t\t\t\t<div class=\"elementor-widget-container\">\n\t\t\t\t\t\t\t\t\t<p>Vertical M2M recrute&#8230;<\/p>\n\t\t\t\t\t\t\t\t<\/div>\n\t\t\t\t<\/div>\n\t\t\t\t\t<\/div>\n\t\t<\/div>\n\t\t\t\t\t<\/div>\n\t\t<\/section>\n\t\t\t\t<section class=\"elementor-section elementor-top-section elementor-element elementor-element-1033d041 elementor-reverse-mobile elementor-section-boxed elementor-section-height-default elementor-section-height-default\" data-id=\"1033d041\" data-element_type=\"section\" data-e-type=\"section\" data-settings=\"{&quot;background_background&quot;:&quot;classic&quot;}\">\n\t\t\t\t\t\t<div class=\"elementor-container elementor-column-gap-default\">\n\t\t\t\t\t<div class=\"elementor-column elementor-col-50 elementor-top-column elementor-element elementor-element-242a773b\" data-id=\"242a773b\" data-element_type=\"column\" data-e-type=\"column\">\n\t\t\t<div class=\"elementor-widget-wrap elementor-element-populated\">\n\t\t\t\t\t\t<div class=\"elementor-element elementor-element-4869df6 elementor-hidden-mobile elementor-invisible elementor-widget elementor-widget-spacer\" data-id=\"4869df6\" data-element_type=\"widget\" data-e-type=\"widget\" data-settings=\"{&quot;_animation&quot;:&quot;fadeInUp&quot;}\" data-widget_type=\"spacer.default\">\n\t\t\t\t<div class=\"elementor-widget-container\">\n\t\t\t\t\t\t\t<div class=\"elementor-spacer\">\n\t\t\t<div class=\"elementor-spacer-inner\"><\/div>\n\t\t<\/div>\n\t\t\t\t\t\t<\/div>\n\t\t\t\t<\/div>\n\t\t\t\t<div class=\"elementor-element elementor-element-4d1a243 elementor-invisible elementor-widget elementor-widget-text-editor\" data-id=\"4d1a243\" data-element_type=\"widget\" data-e-type=\"widget\" data-settings=\"{&quot;_animation&quot;:&quot;fadeInUp&quot;}\" data-widget_type=\"text-editor.default\">\n\t\t\t\t<div class=\"elementor-widget-container\">\n\t\t\t\t\t\t\t\t\t<p>Faites partie de notre formidable \u00e9quipe et aidez-nous \u00e0 faire de l&rsquo;IdO un catalyseur cl\u00e9 pour traiter les questions d&rsquo;environnement et d&rsquo;\u00e9nergie avec un impact positif \u00e9vident !<\/p>\n\t\t\t\t\t\t\t\t<\/div>\n\t\t\t\t<\/div>\n\t\t\t\t<div class=\"elementor-element elementor-element-deea9ae elementor-invisible elementor-widget elementor-widget-text-editor\" data-id=\"deea9ae\" data-element_type=\"widget\" data-e-type=\"widget\" data-settings=\"{&quot;_animation&quot;:&quot;fadeInUp&quot;}\" data-widget_type=\"text-editor.default\">\n\t\t\t\t<div class=\"elementor-widget-container\">\n\t\t\t\t\t\t\t\t\t<p>Si vous partagez nos valeurs et que vous souhaitez postuler et relever le d\u00e9fi de l&rsquo;IoT avec nous, contactez-nous d\u00e8s maintenant \u00e0 l&rsquo;adresse suivante : <span style=\"text-decoration: underline;\">jobs@vertical-m2m.com<\/span> <\/p>\n\t\t\t\t\t\t\t\t<\/div>\n\t\t\t\t<\/div>\n\t\t\t\t\t<\/div>\n\t\t<\/div>\n\t\t\t\t<div class=\"elementor-column elementor-col-50 elementor-top-column elementor-element elementor-element-6d117223\" data-id=\"6d117223\" data-element_type=\"column\" data-e-type=\"column\">\n\t\t\t<div class=\"elementor-widget-wrap elementor-element-populated\">\n\t\t\t\t\t\t<div class=\"elementor-element elementor-element-61d3f0c0 elementor-invisible elementor-widget elementor-widget-image\" data-id=\"61d3f0c0\" data-element_type=\"widget\" data-e-type=\"widget\" data-settings=\"{&quot;_animation&quot;:&quot;fadeInUp&quot;}\" data-widget_type=\"image.default\">\n\t\t\t\t<div class=\"elementor-widget-container\">\n\t\t\t\t\t\t\t\t\t\t\t\t\t\t\t<img fetchpriority=\"high\" decoding=\"async\" width=\"768\" height=\"438\" src=\"https:\/\/www.vertical-m2m.com\/wp-content\/uploads\/2023\/03\/URBANLAB-PARIS18-768x438.jpg\" class=\"attachment-medium_large size-medium_large wp-image-1781\" alt=\"\" srcset=\"https:\/\/www.vertical-m2m.com\/wp-content\/uploads\/2023\/03\/URBANLAB-PARIS18-768x438.jpg 768w, https:\/\/www.vertical-m2m.com\/wp-content\/uploads\/2023\/03\/URBANLAB-PARIS18-300x171.jpg 300w, https:\/\/www.vertical-m2m.com\/wp-content\/uploads\/2023\/03\/URBANLAB-PARIS18-175x100.jpg 175w, https:\/\/www.vertical-m2m.com\/wp-content\/uploads\/2023\/03\/URBANLAB-PARIS18-140x80.jpg 140w, https:\/\/www.vertical-m2m.com\/wp-content\/uploads\/2023\/03\/URBANLAB-PARIS18-394x225.jpg 394w, https:\/\/www.vertical-m2m.com\/wp-content\/uploads\/2023\/03\/URBANLAB-PARIS18-915x522.jpg 915w, https:\/\/www.vertical-m2m.com\/wp-content\/uploads\/2023\/03\/URBANLAB-PARIS18.jpg 981w\" sizes=\"(max-width: 768px) 100vw, 768px\" \/>\t\t\t\t\t\t\t\t\t\t\t\t\t\t\t<\/div>\n\t\t\t\t<\/div>\n\t\t\t\t<div class=\"elementor-element elementor-element-c068043 elementor-widget elementor-widget-image\" data-id=\"c068043\" data-element_type=\"widget\" data-e-type=\"widget\" data-widget_type=\"image.default\">\n\t\t\t\t<div class=\"elementor-widget-container\">\n\t\t\t\t\t\t\t\t\t\t\t\t\t\t\t<img decoding=\"async\" width=\"768\" height=\"449\" src=\"https:\/\/www.vertical-m2m.com\/wp-content\/uploads\/2023\/09\/logo_M2M827px-768x449.jpg\" class=\"attachment-medium_large size-medium_large wp-image-1968\" alt=\"\" srcset=\"https:\/\/www.vertical-m2m.com\/wp-content\/uploads\/2023\/09\/logo_M2M827px-768x449.jpg 768w, https:\/\/www.vertical-m2m.com\/wp-content\/uploads\/2023\/09\/logo_M2M827px-300x175.jpg 300w, https:\/\/www.vertical-m2m.com\/wp-content\/uploads\/2023\/09\/logo_M2M827px-171x100.jpg 171w, https:\/\/www.vertical-m2m.com\/wp-content\/uploads\/2023\/09\/logo_M2M827px-137x80.jpg 137w, https:\/\/www.vertical-m2m.com\/wp-content\/uploads\/2023\/09\/logo_M2M827px-394x230.jpg 394w, https:\/\/www.vertical-m2m.com\/wp-content\/uploads\/2023\/09\/logo_M2M827px.jpg 827w\" sizes=\"(max-width: 768px) 100vw, 768px\" \/>\t\t\t\t\t\t\t\t\t\t\t\t\t\t\t<\/div>\n\t\t\t\t<\/div>\n\t\t\t\t\t<\/div>\n\t\t<\/div>\n\t\t\t\t\t<\/div>\n\t\t<\/section>\n\t\t\t\t<section class=\"elementor-section elementor-top-section elementor-element elementor-element-31cf81d4 elementor-section-boxed elementor-section-height-default elementor-section-height-default\" data-id=\"31cf81d4\" data-element_type=\"section\" data-e-type=\"section\" data-settings=\"{&quot;background_background&quot;:&quot;gradient&quot;}\">\n\t\t\t\t\t\t\t<div class=\"elementor-background-overlay\"><\/div>\n\t\t\t\t\t\t\t<div class=\"elementor-container elementor-column-gap-default\">\n\t\t\t\t\t<div class=\"elementor-column elementor-col-50 elementor-top-column elementor-element elementor-element-27dddbda\" data-id=\"27dddbda\" data-element_type=\"column\" data-e-type=\"column\">\n\t\t\t<div class=\"elementor-widget-wrap elementor-element-populated\">\n\t\t\t\t\t\t<div class=\"elementor-element elementor-element-44765b0b elementor-invisible elementor-widget elementor-widget-heading\" data-id=\"44765b0b\" data-element_type=\"widget\" data-e-type=\"widget\" data-settings=\"{&quot;_animation&quot;:&quot;fadeIn&quot;}\" data-widget_type=\"heading.default\">\n\t\t\t\t<div class=\"elementor-widget-container\">\n\t\t\t\t\t<h2 class=\"elementor-heading-title elementor-size-default\">Et si vous nous contactiez ?<\/h2>\t\t\t\t<\/div>\n\t\t\t\t<\/div>\n\t\t\t\t\t<\/div>\n\t\t<\/div>\n\t\t\t\t<div class=\"elementor-column elementor-col-50 elementor-top-column elementor-element elementor-element-25c40207\" data-id=\"25c40207\" data-element_type=\"column\" data-e-type=\"column\">\n\t\t\t<div class=\"elementor-widget-wrap elementor-element-populated\">\n\t\t\t\t\t\t<div class=\"elementor-element elementor-element-79e833a1 elementor-align-right elementor-mobile-align-left elementor-invisible elementor-widget elementor-widget-button\" data-id=\"79e833a1\" data-element_type=\"widget\" data-e-type=\"widget\" data-settings=\"{&quot;_animation&quot;:&quot;fadeIn&quot;}\" data-widget_type=\"button.default\">\n\t\t\t\t<div class=\"elementor-widget-container\">\n\t\t\t\t\t\t\t\t\t<div class=\"elementor-button-wrapper\">\n\t\t\t\t\t<a class=\"elementor-button elementor-button-link elementor-size-lg\" href=\"https:\/\/www.vertical-m2m.com\/fr\/contact\/\">\n\t\t\t\t\t\t<span class=\"elementor-button-content-wrapper\">\n\t\t\t\t\t\t\t\t\t<span class=\"elementor-button-text\">Contactez-nous!<\/span>\n\t\t\t\t\t<\/span>\n\t\t\t\t\t<\/a>\n\t\t\t\t<\/div>\n\t\t\t\t\t\t\t\t<\/div>\n\t\t\t\t<\/div>\n\t\t\t\t\t<\/div>\n\t\t<\/div>\n\t\t\t\t\t<\/div>\n\t\t<\/section>\n\t\t\t\t<\/div>\n\t\t","protected":false},"excerpt":{"rendered":"<p>Vertical M2M recrute&#8230; Faites partie de notre formidable \u00e9quipe et aidez-nous \u00e0 faire de l&rsquo;IdO un catalyseur cl\u00e9 pour traiter les questions d&rsquo;environnement et d&rsquo;\u00e9nergie avec un impact positif \u00e9vident ! Si vous partagez nos valeurs et que vous souhaitez &hellip; <a href=\"https:\/\/www.vertical-m2m.com\/fr\/rejoignez-nous\/\">Read More<\/a><\/p>\n","protected":false},"author":1,"featured_media":0,"parent":0,"menu_order":32,"comment_status":"closed","ping_status":"closed","template":"","meta":{"footnotes":""},"class_list":["post-2671","page","type-page","status-publish","hentry"],"yoast_head":"<!-- This site is optimized with the Yoast SEO plugin v27.3 - https:\/\/yoast.com\/product\/yoast-seo-wordpress\/ -->\n<title>Rejoignez-nous - Vertical M2M<\/title>\n<meta name=\"robots\" content=\"index, follow, max-snippet:-1, max-image-preview:large, max-video-preview:-1\" \/>\n<link rel=\"canonical\" href=\"https:\/\/www.vertical-m2m.com\/fr\/rejoignez-nous\/\" \/>\n<meta property=\"og:locale\" content=\"fr_FR\" \/>\n<meta property=\"og:type\" content=\"article\" \/>\n<meta property=\"og:title\" content=\"Rejoignez-nous - Vertical M2M\" \/>\n<meta property=\"og:description\" content=\"Vertical M2M recrute&#8230; Faites partie de notre formidable \u00e9quipe et aidez-nous \u00e0 faire de l&rsquo;IdO un catalyseur cl\u00e9 pour traiter les questions d&rsquo;environnement et d&rsquo;\u00e9nergie avec un impact positif \u00e9vident ! Si vous partagez nos valeurs et que vous souhaitez &hellip; Read More\" \/>\n<meta property=\"og:url\" content=\"https:\/\/www.vertical-m2m.com\/fr\/rejoignez-nous\/\" \/>\n<meta property=\"og:site_name\" content=\"Vertical M2M\" \/>\n<meta property=\"article:modified_time\" content=\"2024-01-11T15:40:37+00:00\" \/>\n<meta property=\"og:image\" content=\"https:\/\/www.vertical-m2m.com\/wp-content\/uploads\/2023\/03\/URBANLAB-PARIS18-768x438.jpg\" \/>\n<meta name=\"twitter:card\" content=\"summary_large_image\" \/>\n<meta name=\"twitter:site\" content=\"@verticalm2m\" \/>\n<script type=\"application\/ld+json\" class=\"yoast-schema-graph\">{\"@context\":\"https:\\\/\\\/schema.org\",\"@graph\":[{\"@type\":\"WebPage\",\"@id\":\"https:\\\/\\\/www.vertical-m2m.com\\\/fr\\\/rejoignez-nous\\\/\",\"url\":\"https:\\\/\\\/www.vertical-m2m.com\\\/fr\\\/rejoignez-nous\\\/\",\"name\":\"Rejoignez-nous - Vertical M2M\",\"isPartOf\":{\"@id\":\"https:\\\/\\\/www.vertical-m2m.com\\\/fr\\\/#website\"},\"primaryImageOfPage\":{\"@id\":\"https:\\\/\\\/www.vertical-m2m.com\\\/fr\\\/rejoignez-nous\\\/#primaryimage\"},\"image\":{\"@id\":\"https:\\\/\\\/www.vertical-m2m.com\\\/fr\\\/rejoignez-nous\\\/#primaryimage\"},\"thumbnailUrl\":\"https:\\\/\\\/www.vertical-m2m.com\\\/wp-content\\\/uploads\\\/2023\\\/03\\\/URBANLAB-PARIS18-768x438.jpg\",\"datePublished\":\"2023-03-01T10:23:00+00:00\",\"dateModified\":\"2024-01-11T15:40:37+00:00\",\"breadcrumb\":{\"@id\":\"https:\\\/\\\/www.vertical-m2m.com\\\/fr\\\/rejoignez-nous\\\/#breadcrumb\"},\"inLanguage\":\"fr-FR\",\"potentialAction\":[{\"@type\":\"ReadAction\",\"target\":[\"https:\\\/\\\/www.vertical-m2m.com\\\/fr\\\/rejoignez-nous\\\/\"]}]},{\"@type\":\"ImageObject\",\"inLanguage\":\"fr-FR\",\"@id\":\"https:\\\/\\\/www.vertical-m2m.com\\\/fr\\\/rejoignez-nous\\\/#primaryimage\",\"url\":\"https:\\\/\\\/www.vertical-m2m.com\\\/wp-content\\\/uploads\\\/2023\\\/03\\\/URBANLAB-PARIS18-768x438.jpg\",\"contentUrl\":\"https:\\\/\\\/www.vertical-m2m.com\\\/wp-content\\\/uploads\\\/2023\\\/03\\\/URBANLAB-PARIS18-768x438.jpg\"},{\"@type\":\"BreadcrumbList\",\"@id\":\"https:\\\/\\\/www.vertical-m2m.com\\\/fr\\\/rejoignez-nous\\\/#breadcrumb\",\"itemListElement\":[{\"@type\":\"ListItem\",\"position\":1,\"name\":\"Home\",\"item\":\"https:\\\/\\\/www.vertical-m2m.com\\\/fr\\\/page-daccueil\\\/\"},{\"@type\":\"ListItem\",\"position\":2,\"name\":\"Rejoignez-nous\"}]},{\"@type\":\"WebSite\",\"@id\":\"https:\\\/\\\/www.vertical-m2m.com\\\/fr\\\/#website\",\"url\":\"https:\\\/\\\/www.vertical-m2m.com\\\/fr\\\/\",\"name\":\"Vertical M2M - CommonSense IoT Platform\",\"description\":\"We solve your business issues with IoT\",\"publisher\":{\"@id\":\"https:\\\/\\\/www.vertical-m2m.com\\\/fr\\\/#organization\"},\"potentialAction\":[{\"@type\":\"SearchAction\",\"target\":{\"@type\":\"EntryPoint\",\"urlTemplate\":\"https:\\\/\\\/www.vertical-m2m.com\\\/fr\\\/?s={search_term_string}\"},\"query-input\":{\"@type\":\"PropertyValueSpecification\",\"valueRequired\":true,\"valueName\":\"search_term_string\"}}],\"inLanguage\":\"fr-FR\"},{\"@type\":\"Organization\",\"@id\":\"https:\\\/\\\/www.vertical-m2m.com\\\/fr\\\/#organization\",\"name\":\"Vertical M2M\",\"url\":\"https:\\\/\\\/www.vertical-m2m.com\\\/fr\\\/\",\"logo\":{\"@type\":\"ImageObject\",\"inLanguage\":\"fr-FR\",\"@id\":\"https:\\\/\\\/www.vertical-m2m.com\\\/fr\\\/#\\\/schema\\\/logo\\\/image\\\/\",\"url\":\"https:\\\/\\\/www.vertical-m2m.com\\\/wp-content\\\/uploads\\\/2022\\\/10\\\/logo_M2M827px.png\",\"contentUrl\":\"https:\\\/\\\/www.vertical-m2m.com\\\/wp-content\\\/uploads\\\/2022\\\/10\\\/logo_M2M827px.png\",\"width\":827,\"height\":483,\"caption\":\"Vertical M2M\"},\"image\":{\"@id\":\"https:\\\/\\\/www.vertical-m2m.com\\\/fr\\\/#\\\/schema\\\/logo\\\/image\\\/\"},\"sameAs\":[\"https:\\\/\\\/x.com\\\/verticalm2m\",\"https:\\\/\\\/www.linkedin.com\\\/company\\\/vertical-m2m\\\/\"]}]}<\/script>\n<!-- \/ Yoast SEO plugin. -->","yoast_head_json":{"title":"Rejoignez-nous - Vertical M2M","robots":{"index":"index","follow":"follow","max-snippet":"max-snippet:-1","max-image-preview":"max-image-preview:large","max-video-preview":"max-video-preview:-1"},"canonical":"https:\/\/www.vertical-m2m.com\/fr\/rejoignez-nous\/","og_locale":"fr_FR","og_type":"article","og_title":"Rejoignez-nous - Vertical M2M","og_description":"Vertical M2M recrute&#8230; Faites partie de notre formidable \u00e9quipe et aidez-nous \u00e0 faire de l&rsquo;IdO un catalyseur cl\u00e9 pour traiter les questions d&rsquo;environnement et d&rsquo;\u00e9nergie avec un impact positif \u00e9vident ! Si vous partagez nos valeurs et que vous souhaitez &hellip; Read More","og_url":"https:\/\/www.vertical-m2m.com\/fr\/rejoignez-nous\/","og_site_name":"Vertical M2M","article_modified_time":"2024-01-11T15:40:37+00:00","og_image":[{"url":"https:\/\/www.vertical-m2m.com\/wp-content\/uploads\/2023\/03\/URBANLAB-PARIS18-768x438.jpg","type":"","width":"","height":""}],"twitter_card":"summary_large_image","twitter_site":"@verticalm2m","schema":{"@context":"https:\/\/schema.org","@graph":[{"@type":"WebPage","@id":"https:\/\/www.vertical-m2m.com\/fr\/rejoignez-nous\/","url":"https:\/\/www.vertical-m2m.com\/fr\/rejoignez-nous\/","name":"Rejoignez-nous - Vertical M2M","isPartOf":{"@id":"https:\/\/www.vertical-m2m.com\/fr\/#website"},"primaryImageOfPage":{"@id":"https:\/\/www.vertical-m2m.com\/fr\/rejoignez-nous\/#primaryimage"},"image":{"@id":"https:\/\/www.vertical-m2m.com\/fr\/rejoignez-nous\/#primaryimage"},"thumbnailUrl":"https:\/\/www.vertical-m2m.com\/wp-content\/uploads\/2023\/03\/URBANLAB-PARIS18-768x438.jpg","datePublished":"2023-03-01T10:23:00+00:00","dateModified":"2024-01-11T15:40:37+00:00","breadcrumb":{"@id":"https:\/\/www.vertical-m2m.com\/fr\/rejoignez-nous\/#breadcrumb"},"inLanguage":"fr-FR","potentialAction":[{"@type":"ReadAction","target":["https:\/\/www.vertical-m2m.com\/fr\/rejoignez-nous\/"]}]},{"@type":"ImageObject","inLanguage":"fr-FR","@id":"https:\/\/www.vertical-m2m.com\/fr\/rejoignez-nous\/#primaryimage","url":"https:\/\/www.vertical-m2m.com\/wp-content\/uploads\/2023\/03\/URBANLAB-PARIS18-768x438.jpg","contentUrl":"https:\/\/www.vertical-m2m.com\/wp-content\/uploads\/2023\/03\/URBANLAB-PARIS18-768x438.jpg"},{"@type":"BreadcrumbList","@id":"https:\/\/www.vertical-m2m.com\/fr\/rejoignez-nous\/#breadcrumb","itemListElement":[{"@type":"ListItem","position":1,"name":"Home","item":"https:\/\/www.vertical-m2m.com\/fr\/page-daccueil\/"},{"@type":"ListItem","position":2,"name":"Rejoignez-nous"}]},{"@type":"WebSite","@id":"https:\/\/www.vertical-m2m.com\/fr\/#website","url":"https:\/\/www.vertical-m2m.com\/fr\/","name":"Vertical M2M - CommonSense IoT Platform","description":"We solve your business issues with IoT","publisher":{"@id":"https:\/\/www.vertical-m2m.com\/fr\/#organization"},"potentialAction":[{"@type":"SearchAction","target":{"@type":"EntryPoint","urlTemplate":"https:\/\/www.vertical-m2m.com\/fr\/?s={search_term_string}"},"query-input":{"@type":"PropertyValueSpecification","valueRequired":true,"valueName":"search_term_string"}}],"inLanguage":"fr-FR"},{"@type":"Organization","@id":"https:\/\/www.vertical-m2m.com\/fr\/#organization","name":"Vertical M2M","url":"https:\/\/www.vertical-m2m.com\/fr\/","logo":{"@type":"ImageObject","inLanguage":"fr-FR","@id":"https:\/\/www.vertical-m2m.com\/fr\/#\/schema\/logo\/image\/","url":"https:\/\/www.vertical-m2m.com\/wp-content\/uploads\/2022\/10\/logo_M2M827px.png","contentUrl":"https:\/\/www.vertical-m2m.com\/wp-content\/uploads\/2022\/10\/logo_M2M827px.png","width":827,"height":483,"caption":"Vertical M2M"},"image":{"@id":"https:\/\/www.vertical-m2m.com\/fr\/#\/schema\/logo\/image\/"},"sameAs":["https:\/\/x.com\/verticalm2m","https:\/\/www.linkedin.com\/company\/vertical-m2m\/"]}]}},"_links":{"self":[{"href":"https:\/\/www.vertical-m2m.com\/fr\/wp-json\/wp\/v2\/pages\/2671","targetHints":{"allow":["GET"]}}],"collection":[{"href":"https:\/\/www.vertical-m2m.com\/fr\/wp-json\/wp\/v2\/pages"}],"about":[{"href":"https:\/\/www.vertical-m2m.com\/fr\/wp-json\/wp\/v2\/types\/page"}],"author":[{"embeddable":true,"href":"https:\/\/www.vertical-m2m.com\/fr\/wp-json\/wp\/v2\/users\/1"}],"replies":[{"embeddable":true,"href":"https:\/\/www.vertical-m2m.com\/fr\/wp-json\/wp\/v2\/comments?post=2671"}],"version-history":[{"count":11,"href":"https:\/\/www.vertical-m2m.com\/fr\/wp-json\/wp\/v2\/pages\/2671\/revisions"}],"predecessor-version":[{"id":3684,"href":"https:\/\/www.vertical-m2m.com\/fr\/wp-json\/wp\/v2\/pages\/2671\/revisions\/3684"}],"wp:attachment":[{"href":"https:\/\/www.vertical-m2m.com\/fr\/wp-json\/wp\/v2\/media?parent=2671"}],"curies":[{"name":"wp","href":"https:\/\/api.w.org\/{rel}","templated":true}]}}