{"id":2679,"date":"2022-11-15T10:36:29","date_gmt":"2022-11-15T09:36:29","guid":{"rendered":"https:\/\/www.vertical-m2m.com\/la-securite-nest-pas-une-option\/"},"modified":"2024-06-06T14:29:21","modified_gmt":"2024-06-06T12:29:21","slug":"la-securite-est-une-priorite","status":"publish","type":"page","link":"https:\/\/www.vertical-m2m.com\/fr\/la-securite-est-une-priorite\/","title":{"rendered":"La s\u00e9curit\u00e9 une priorit\u00e9"},"content":{"rendered":"<p>Une s\u00e9curit\u00e9 int\u00e9gr\u00e9e pour vos solutions IoT<\/p>\n<p>La s\u00e9curit\u00e9 est une question majeure qui doit \u00eatre trait\u00e9e de bout en bout dans le cadre d&rsquo;une solution IoT. Les composants logiciels de votre architecture de solution IoT, mat\u00e9rialis\u00e9s par <em><strong>CommonSense IoT Platform<\/strong><\/em>\u00ae, couvrent diff\u00e9rents niveaux de s\u00e9curit\u00e9 :<\/p>\n<p><img fetchpriority=\"high\" decoding=\"async\" src=\"https:\/\/www.vertical-m2m.com\/wp-content\/uploads\/2023\/12\/security.jpg\" sizes=\"(max-width: 555px) 100vw, 555px\" srcset=\"https:\/\/www.vertical-m2m.com\/wp-content\/uploads\/2023\/12\/security.jpg 555w, https:\/\/www.vertical-m2m.com\/wp-content\/uploads\/2023\/12\/security-300x168.jpg 300w, https:\/\/www.vertical-m2m.com\/wp-content\/uploads\/2023\/12\/security-161x90.jpg 161w, https:\/\/www.vertical-m2m.com\/wp-content\/uploads\/2023\/12\/security-143x80.jpg 143w, https:\/\/www.vertical-m2m.com\/wp-content\/uploads\/2023\/12\/security-394x221.jpg 394w\" alt=\"\" width=\"555\" height=\"311\" \/><\/p>\n<ul>\n<li style=\"list-style-type: none;\">\n<ul>\n<li>Couches de communication s\u00e9curis\u00e9es<\/li>\n<li>Portail web des outils de gestion IoT (CommonSense Device Management module) utilisant HTTPS\/SSL<\/li>\n<li>APIs s\u00e9curis\u00e9es avec des jetons (tokens) et une authentification d&rsquo;acc\u00e8s<\/li>\n<li>Frontal applicatif s\u00e9curis\u00e9 pour contr\u00f4ler l&rsquo;acc\u00e8s aux donn\u00e9es<\/li>\n<li>Historisation et tra\u00e7abilit\u00e9 de toutes les op\u00e9rations effectu\u00e9es sur la plateforme<\/li>\n<li>Architecture multi-niveaux et mod\u00e8le de donn\u00e9es permettant la s\u00e9paration des contextes techniques et applicatifs des diff\u00e9rents clients et fournisseurs de services sur la m\u00eame plateforme (logique multi-tenant)<\/li>\n<li>Architecture CLOUD s\u00e9curis\u00e9e avec r\u00e9seaux priv\u00e9s (VPN), NAT et m\u00e9canismes avanc\u00e9s sur firewalls coupl\u00e9s avec des outils de supervision (tels que Zabbix) pour le contr\u00f4le et le monitoring des processus de la plateforme, CPU, RAM, etc.<\/li>\n<li>Integration de solutions CMS \/ tiers de confiance pour la gestion de cl\u00e9s et de certificats<\/li>\n<\/ul>\n<\/li>\n<\/ul>\n<h2>Parlons maintenant de vos projets !<\/h2>\n<p>Dites-nous quels sont vos probl\u00e8mes avec l&rsquo;IoT, nous organiserons une r\u00e9union avec vous pour vous aider \u00e0 r\u00e9soudre ces probl\u00e8mes et \u00e0 mener \u00e0 bien vos projets.<\/p>\n<p><a role=\"button\" href=\"https:\/\/www.vertical-m2m.com\/fr\/contact\/\"><br \/>\nContactez-nous!<br \/>\n<\/a><\/p>\n","protected":false},"excerpt":{"rendered":"<p>Une s\u00e9curit\u00e9 int\u00e9gr\u00e9e pour vos solutions IoT La s\u00e9curit\u00e9 est une question majeure qui doit \u00eatre trait\u00e9e de bout en bout dans le cadre d&rsquo;une solution IoT. Les composants logiciels de votre architecture de solution IoT, mat\u00e9rialis\u00e9s par CommonSense IoT &hellip; <a href=\"https:\/\/www.vertical-m2m.com\/fr\/la-securite-est-une-priorite\/\">Read More<\/a><\/p>\n","protected":false},"author":1,"featured_media":0,"parent":0,"menu_order":2,"comment_status":"closed","ping_status":"closed","template":"","meta":{"footnotes":""},"class_list":["post-2679","page","type-page","status-publish","hentry"],"yoast_head":"<!-- This site is optimized with the Yoast SEO plugin v27.3 - https:\/\/yoast.com\/product\/yoast-seo-wordpress\/ -->\n<title>La s\u00e9curit\u00e9 une priorit\u00e9 - Vertical M2M<\/title>\n<meta name=\"description\" content=\"Des solutions innovantes et fiables pour prot\u00e9ger vos donn\u00e9es et optimiser vos op\u00e9rations gr\u00e2ce \u00e0 notre catalogue de capteurs IoT.\" \/>\n<meta name=\"robots\" content=\"index, follow, max-snippet:-1, max-image-preview:large, max-video-preview:-1\" \/>\n<link rel=\"canonical\" href=\"https:\/\/www.vertical-m2m.com\/fr\/la-securite-est-une-priorite\/\" \/>\n<meta property=\"og:locale\" content=\"fr_FR\" \/>\n<meta property=\"og:type\" content=\"article\" \/>\n<meta property=\"og:title\" content=\"La s\u00e9curit\u00e9 une priorit\u00e9 - Vertical M2M\" \/>\n<meta property=\"og:description\" content=\"Des solutions innovantes et fiables pour prot\u00e9ger vos donn\u00e9es et optimiser vos op\u00e9rations gr\u00e2ce \u00e0 notre catalogue de capteurs IoT.\" \/>\n<meta property=\"og:url\" content=\"https:\/\/www.vertical-m2m.com\/fr\/la-securite-est-une-priorite\/\" \/>\n<meta property=\"og:site_name\" content=\"Vertical M2M\" \/>\n<meta property=\"article:modified_time\" content=\"2024-06-06T12:29:21+00:00\" \/>\n<meta property=\"og:image\" content=\"https:\/\/www.vertical-m2m.com\/wp-content\/uploads\/2023\/12\/security.jpg\" \/>\n<meta name=\"twitter:card\" content=\"summary_large_image\" \/>\n<meta name=\"twitter:site\" content=\"@verticalm2m\" \/>\n<meta name=\"twitter:label1\" content=\"Dur\u00e9e de lecture estim\u00e9e\" \/>\n\t<meta name=\"twitter:data1\" content=\"2 minutes\" \/>\n<script type=\"application\/ld+json\" class=\"yoast-schema-graph\">{\"@context\":\"https:\\\/\\\/schema.org\",\"@graph\":[{\"@type\":\"WebPage\",\"@id\":\"https:\\\/\\\/www.vertical-m2m.com\\\/fr\\\/la-securite-est-une-priorite\\\/\",\"url\":\"https:\\\/\\\/www.vertical-m2m.com\\\/fr\\\/la-securite-est-une-priorite\\\/\",\"name\":\"La s\u00e9curit\u00e9 une priorit\u00e9 - Vertical M2M\",\"isPartOf\":{\"@id\":\"https:\\\/\\\/www.vertical-m2m.com\\\/fr\\\/#website\"},\"primaryImageOfPage\":{\"@id\":\"https:\\\/\\\/www.vertical-m2m.com\\\/fr\\\/la-securite-est-une-priorite\\\/#primaryimage\"},\"image\":{\"@id\":\"https:\\\/\\\/www.vertical-m2m.com\\\/fr\\\/la-securite-est-une-priorite\\\/#primaryimage\"},\"thumbnailUrl\":\"https:\\\/\\\/www.vertical-m2m.com\\\/wp-content\\\/uploads\\\/2023\\\/12\\\/security.jpg\",\"datePublished\":\"2022-11-15T09:36:29+00:00\",\"dateModified\":\"2024-06-06T12:29:21+00:00\",\"description\":\"Des solutions innovantes et fiables pour prot\u00e9ger vos donn\u00e9es et optimiser vos op\u00e9rations gr\u00e2ce \u00e0 notre catalogue de capteurs IoT.\",\"breadcrumb\":{\"@id\":\"https:\\\/\\\/www.vertical-m2m.com\\\/fr\\\/la-securite-est-une-priorite\\\/#breadcrumb\"},\"inLanguage\":\"fr-FR\",\"potentialAction\":[{\"@type\":\"ReadAction\",\"target\":[\"https:\\\/\\\/www.vertical-m2m.com\\\/fr\\\/la-securite-est-une-priorite\\\/\"]}]},{\"@type\":\"ImageObject\",\"inLanguage\":\"fr-FR\",\"@id\":\"https:\\\/\\\/www.vertical-m2m.com\\\/fr\\\/la-securite-est-une-priorite\\\/#primaryimage\",\"url\":\"https:\\\/\\\/www.vertical-m2m.com\\\/wp-content\\\/uploads\\\/2023\\\/12\\\/security.jpg\",\"contentUrl\":\"https:\\\/\\\/www.vertical-m2m.com\\\/wp-content\\\/uploads\\\/2023\\\/12\\\/security.jpg\"},{\"@type\":\"BreadcrumbList\",\"@id\":\"https:\\\/\\\/www.vertical-m2m.com\\\/fr\\\/la-securite-est-une-priorite\\\/#breadcrumb\",\"itemListElement\":[{\"@type\":\"ListItem\",\"position\":1,\"name\":\"Home\",\"item\":\"https:\\\/\\\/www.vertical-m2m.com\\\/fr\\\/page-daccueil\\\/\"},{\"@type\":\"ListItem\",\"position\":2,\"name\":\"La s\u00e9curit\u00e9 une priorit\u00e9\"}]},{\"@type\":\"WebSite\",\"@id\":\"https:\\\/\\\/www.vertical-m2m.com\\\/fr\\\/#website\",\"url\":\"https:\\\/\\\/www.vertical-m2m.com\\\/fr\\\/\",\"name\":\"Vertical M2M - CommonSense IoT Platform\",\"description\":\"We solve your business issues with IoT\",\"publisher\":{\"@id\":\"https:\\\/\\\/www.vertical-m2m.com\\\/fr\\\/#organization\"},\"potentialAction\":[{\"@type\":\"SearchAction\",\"target\":{\"@type\":\"EntryPoint\",\"urlTemplate\":\"https:\\\/\\\/www.vertical-m2m.com\\\/fr\\\/?s={search_term_string}\"},\"query-input\":{\"@type\":\"PropertyValueSpecification\",\"valueRequired\":true,\"valueName\":\"search_term_string\"}}],\"inLanguage\":\"fr-FR\"},{\"@type\":\"Organization\",\"@id\":\"https:\\\/\\\/www.vertical-m2m.com\\\/fr\\\/#organization\",\"name\":\"Vertical M2M\",\"url\":\"https:\\\/\\\/www.vertical-m2m.com\\\/fr\\\/\",\"logo\":{\"@type\":\"ImageObject\",\"inLanguage\":\"fr-FR\",\"@id\":\"https:\\\/\\\/www.vertical-m2m.com\\\/fr\\\/#\\\/schema\\\/logo\\\/image\\\/\",\"url\":\"https:\\\/\\\/www.vertical-m2m.com\\\/wp-content\\\/uploads\\\/2022\\\/10\\\/logo_M2M827px.png\",\"contentUrl\":\"https:\\\/\\\/www.vertical-m2m.com\\\/wp-content\\\/uploads\\\/2022\\\/10\\\/logo_M2M827px.png\",\"width\":827,\"height\":483,\"caption\":\"Vertical M2M\"},\"image\":{\"@id\":\"https:\\\/\\\/www.vertical-m2m.com\\\/fr\\\/#\\\/schema\\\/logo\\\/image\\\/\"},\"sameAs\":[\"https:\\\/\\\/x.com\\\/verticalm2m\",\"https:\\\/\\\/www.linkedin.com\\\/company\\\/vertical-m2m\\\/\"]}]}<\/script>\n<!-- \/ Yoast SEO plugin. -->","yoast_head_json":{"title":"La s\u00e9curit\u00e9 une priorit\u00e9 - Vertical M2M","description":"Des solutions innovantes et fiables pour prot\u00e9ger vos donn\u00e9es et optimiser vos op\u00e9rations gr\u00e2ce \u00e0 notre catalogue de capteurs IoT.","robots":{"index":"index","follow":"follow","max-snippet":"max-snippet:-1","max-image-preview":"max-image-preview:large","max-video-preview":"max-video-preview:-1"},"canonical":"https:\/\/www.vertical-m2m.com\/fr\/la-securite-est-une-priorite\/","og_locale":"fr_FR","og_type":"article","og_title":"La s\u00e9curit\u00e9 une priorit\u00e9 - Vertical M2M","og_description":"Des solutions innovantes et fiables pour prot\u00e9ger vos donn\u00e9es et optimiser vos op\u00e9rations gr\u00e2ce \u00e0 notre catalogue de capteurs IoT.","og_url":"https:\/\/www.vertical-m2m.com\/fr\/la-securite-est-une-priorite\/","og_site_name":"Vertical M2M","article_modified_time":"2024-06-06T12:29:21+00:00","og_image":[{"url":"https:\/\/www.vertical-m2m.com\/wp-content\/uploads\/2023\/12\/security.jpg","type":"","width":"","height":""}],"twitter_card":"summary_large_image","twitter_site":"@verticalm2m","twitter_misc":{"Dur\u00e9e de lecture estim\u00e9e":"2 minutes"},"schema":{"@context":"https:\/\/schema.org","@graph":[{"@type":"WebPage","@id":"https:\/\/www.vertical-m2m.com\/fr\/la-securite-est-une-priorite\/","url":"https:\/\/www.vertical-m2m.com\/fr\/la-securite-est-une-priorite\/","name":"La s\u00e9curit\u00e9 une priorit\u00e9 - Vertical M2M","isPartOf":{"@id":"https:\/\/www.vertical-m2m.com\/fr\/#website"},"primaryImageOfPage":{"@id":"https:\/\/www.vertical-m2m.com\/fr\/la-securite-est-une-priorite\/#primaryimage"},"image":{"@id":"https:\/\/www.vertical-m2m.com\/fr\/la-securite-est-une-priorite\/#primaryimage"},"thumbnailUrl":"https:\/\/www.vertical-m2m.com\/wp-content\/uploads\/2023\/12\/security.jpg","datePublished":"2022-11-15T09:36:29+00:00","dateModified":"2024-06-06T12:29:21+00:00","description":"Des solutions innovantes et fiables pour prot\u00e9ger vos donn\u00e9es et optimiser vos op\u00e9rations gr\u00e2ce \u00e0 notre catalogue de capteurs IoT.","breadcrumb":{"@id":"https:\/\/www.vertical-m2m.com\/fr\/la-securite-est-une-priorite\/#breadcrumb"},"inLanguage":"fr-FR","potentialAction":[{"@type":"ReadAction","target":["https:\/\/www.vertical-m2m.com\/fr\/la-securite-est-une-priorite\/"]}]},{"@type":"ImageObject","inLanguage":"fr-FR","@id":"https:\/\/www.vertical-m2m.com\/fr\/la-securite-est-une-priorite\/#primaryimage","url":"https:\/\/www.vertical-m2m.com\/wp-content\/uploads\/2023\/12\/security.jpg","contentUrl":"https:\/\/www.vertical-m2m.com\/wp-content\/uploads\/2023\/12\/security.jpg"},{"@type":"BreadcrumbList","@id":"https:\/\/www.vertical-m2m.com\/fr\/la-securite-est-une-priorite\/#breadcrumb","itemListElement":[{"@type":"ListItem","position":1,"name":"Home","item":"https:\/\/www.vertical-m2m.com\/fr\/page-daccueil\/"},{"@type":"ListItem","position":2,"name":"La s\u00e9curit\u00e9 une priorit\u00e9"}]},{"@type":"WebSite","@id":"https:\/\/www.vertical-m2m.com\/fr\/#website","url":"https:\/\/www.vertical-m2m.com\/fr\/","name":"Vertical M2M - CommonSense IoT Platform","description":"We solve your business issues with IoT","publisher":{"@id":"https:\/\/www.vertical-m2m.com\/fr\/#organization"},"potentialAction":[{"@type":"SearchAction","target":{"@type":"EntryPoint","urlTemplate":"https:\/\/www.vertical-m2m.com\/fr\/?s={search_term_string}"},"query-input":{"@type":"PropertyValueSpecification","valueRequired":true,"valueName":"search_term_string"}}],"inLanguage":"fr-FR"},{"@type":"Organization","@id":"https:\/\/www.vertical-m2m.com\/fr\/#organization","name":"Vertical M2M","url":"https:\/\/www.vertical-m2m.com\/fr\/","logo":{"@type":"ImageObject","inLanguage":"fr-FR","@id":"https:\/\/www.vertical-m2m.com\/fr\/#\/schema\/logo\/image\/","url":"https:\/\/www.vertical-m2m.com\/wp-content\/uploads\/2022\/10\/logo_M2M827px.png","contentUrl":"https:\/\/www.vertical-m2m.com\/wp-content\/uploads\/2022\/10\/logo_M2M827px.png","width":827,"height":483,"caption":"Vertical M2M"},"image":{"@id":"https:\/\/www.vertical-m2m.com\/fr\/#\/schema\/logo\/image\/"},"sameAs":["https:\/\/x.com\/verticalm2m","https:\/\/www.linkedin.com\/company\/vertical-m2m\/"]}]}},"_links":{"self":[{"href":"https:\/\/www.vertical-m2m.com\/fr\/wp-json\/wp\/v2\/pages\/2679","targetHints":{"allow":["GET"]}}],"collection":[{"href":"https:\/\/www.vertical-m2m.com\/fr\/wp-json\/wp\/v2\/pages"}],"about":[{"href":"https:\/\/www.vertical-m2m.com\/fr\/wp-json\/wp\/v2\/types\/page"}],"author":[{"embeddable":true,"href":"https:\/\/www.vertical-m2m.com\/fr\/wp-json\/wp\/v2\/users\/1"}],"replies":[{"embeddable":true,"href":"https:\/\/www.vertical-m2m.com\/fr\/wp-json\/wp\/v2\/comments?post=2679"}],"version-history":[{"count":11,"href":"https:\/\/www.vertical-m2m.com\/fr\/wp-json\/wp\/v2\/pages\/2679\/revisions"}],"predecessor-version":[{"id":3750,"href":"https:\/\/www.vertical-m2m.com\/fr\/wp-json\/wp\/v2\/pages\/2679\/revisions\/3750"}],"wp:attachment":[{"href":"https:\/\/www.vertical-m2m.com\/fr\/wp-json\/wp\/v2\/media?parent=2679"}],"curies":[{"name":"wp","href":"https:\/\/api.w.org\/{rel}","templated":true}]}}